{"id":193,"date":"2021-10-17T19:25:30","date_gmt":"2021-10-17T17:25:30","guid":{"rendered":"https:\/\/www.yoga-vision.ch\/cms\/?page_id=193"},"modified":"2021-10-17T20:30:02","modified_gmt":"2021-10-17T18:30:02","slug":"was-ist-yoga","status":"publish","type":"page","link":"https:\/\/www.yoga-vision.ch\/?page_id=193","title":{"rendered":"Was ist Yoga"},"content":{"rendered":"<h2>Yoga \u2013 Einheit und Harmonie von K\u00f6rper, Geist und Seele<\/h2>\n<p>Yoga ist eine Jahrtausende alte indische k\u00f6rperlich-geistige Disziplin, die sich unabh\u00e4ngig jeglicher Religion in verschiedenen Stilen weiterentwickelt hat und somit jedem Menschen &#8211; unabh\u00e4ngig&nbsp; von seiner sozialen, kulturellen und religi\u00f6sen Herkunft zug\u00e4nglich ist. Es f\u00f6rdert und bewahrt Gesundheit, Wohlbefinden und Harmonie. Yoga weckt schlummernde F\u00e4higkeiten, erweitert das Bewusstsein, hilft neue Kraft zu sch\u00f6pfen, Stress abzubauen und Gelassenheit zu \u00fcben, um die Herausforderungen des hektischen Alltags in unserer modernen Welt zu meistern.<\/p>\n<p>Auf geistiger Ebene f\u00f6rdert Yoga Entspannung, inneren Einklang&nbsp;und&nbsp;ein tiefes Wissen \u00fcber die Existenz&nbsp;steigt ins Bewusstsein. Atmung, Bandhas, Mudras und Asanas sind die Schl\u00fcssel f\u00fcr geistiges Wachstum und Gesundheit bis ins hohe Alter.<\/p>\n<p>Wenn die f\u00fcnf Sinne ruhen, die Gedanken und Gef\u00fchle still geworden sind und auch der Intellekt nach nichts mehr strebt, das nennt man Yoga im h\u00f6chsten Zustand.<\/p>\n<h2>Wer kann Yoga machen?<\/h2>\n<p>Fast jeder kann Yoga praktizieren, unabh\u00e4ngig von Alter und k\u00f6rperlichem Befinden. Im Vordergrund steht dabei immer das bewusste Ausf\u00fchren der \u00dcbungen, sich diesen hinzugeben und eins werden mit ihnen &#8211; <strong>DER WEG IST DAS ZIEL<\/strong> &#8211;<\/p>\n<p>Praktiziere Yoga regelm\u00e4ssig!<br \/>\nGib dir ein paar Jahre, ein paar Jahrzehnte oder ein paar Leben Zeit und alles wird gut.<\/p>\n","protected":false},"excerpt":{"rendered":"<p>Yoga \u2013 Einheit und Harmonie von K\u00f6rper, Geist und Seele Yoga ist eine Jahrtausende alte indische k\u00f6rperlich-geistige Disziplin, die sich unabh\u00e4ngig jeglicher Religion in verschiedenen Stilen weiterentwickelt hat und somit jedem Menschen &#8211; unabh\u00e4ngig&nbsp; von seiner sozialen, kulturellen und religi\u00f6sen Herkunft zug\u00e4nglich ist. Es f\u00f6rdert und bewahrt Gesundheit, Wohlbefinden und Harmonie. Yoga weckt schlummernde F\u00e4higkeiten, [&hellip;]<\/p>\n","protected":false},"author":2,"featured_media":0,"parent":114,"menu_order":1,"comment_status":"closed","ping_status":"closed","template":"","meta":{"ngg_post_thumbnail":0,"footnotes":""},"class_list":["post-193","page","type-page","status-publish","hentry"],"yoast_head":"<!-- This site is optimized with the Yoast SEO plugin v27.4 - https:\/\/yoast.com\/product\/yoast-seo-wordpress\/ -->\n<title>Was ist Yoga - Yoga Vision<\/title>\n<meta name=\"robots\" content=\"index, follow, max-snippet:-1, max-image-preview:large, max-video-preview:-1\" \/>\n<link rel=\"canonical\" href=\"https:\/\/www.yoga-vision.ch\/?page_id=193\" \/>\n<meta property=\"og:locale\" content=\"de_DE\" \/>\n<meta property=\"og:type\" content=\"article\" \/>\n<meta property=\"og:title\" content=\"Was ist Yoga - Yoga Vision\" \/>\n<meta property=\"og:description\" content=\"Yoga \u2013 Einheit und Harmonie von K\u00f6rper, Geist und Seele Yoga ist eine Jahrtausende alte indische k\u00f6rperlich-geistige Disziplin, die sich unabh\u00e4ngig jeglicher Religion in verschiedenen Stilen weiterentwickelt hat und somit jedem Menschen &#8211; unabh\u00e4ngig&nbsp; von seiner sozialen, kulturellen und religi\u00f6sen Herkunft zug\u00e4nglich ist. Es f\u00f6rdert und bewahrt Gesundheit, Wohlbefinden und Harmonie. Yoga weckt schlummernde F\u00e4higkeiten, [&hellip;]\" \/>\n<meta property=\"og:url\" content=\"https:\/\/www.yoga-vision.ch\/?page_id=193\" \/>\n<meta property=\"og:site_name\" content=\"Yoga Vision\" \/>\n<meta property=\"article:publisher\" content=\"https:\/\/www.facebook.com\/yogavisionanitawuest\" \/>\n<meta property=\"article:modified_time\" content=\"2021-10-17T18:30:02+00:00\" \/>\n<meta name=\"twitter:card\" content=\"summary_large_image\" \/>\n<meta name=\"twitter:label1\" content=\"Gesch\u00e4tzte Lesezeit\" \/>\n\t<meta name=\"twitter:data1\" content=\"1\u00a0Minute\" \/>\n<script type=\"application\/ld+json\" class=\"yoast-schema-graph\">{\"@context\":\"https:\\\/\\\/schema.org\",\"@graph\":[{\"@type\":\"WebPage\",\"@id\":\"https:\\\/\\\/www.yoga-vision.ch\\\/?page_id=193\",\"url\":\"https:\\\/\\\/www.yoga-vision.ch\\\/?page_id=193\",\"name\":\"Was ist Yoga - Yoga Vision\",\"isPartOf\":{\"@id\":\"https:\\\/\\\/www.yoga-vision.ch\\\/#website\"},\"datePublished\":\"2021-10-17T17:25:30+00:00\",\"dateModified\":\"2021-10-17T18:30:02+00:00\",\"breadcrumb\":{\"@id\":\"https:\\\/\\\/www.yoga-vision.ch\\\/?page_id=193#breadcrumb\"},\"inLanguage\":\"de\",\"potentialAction\":[{\"@type\":\"ReadAction\",\"target\":[\"https:\\\/\\\/www.yoga-vision.ch\\\/?page_id=193\"]}]},{\"@type\":\"BreadcrumbList\",\"@id\":\"https:\\\/\\\/www.yoga-vision.ch\\\/?page_id=193#breadcrumb\",\"itemListElement\":[{\"@type\":\"ListItem\",\"position\":1,\"name\":\"Startseite\",\"item\":\"https:\\\/\\\/www.yoga-vision.ch\\\/\"},{\"@type\":\"ListItem\",\"position\":2,\"name\":\"Yoga\",\"item\":\"https:\\\/\\\/www.yoga-vision.ch\\\/?page_id=114\"},{\"@type\":\"ListItem\",\"position\":3,\"name\":\"Was ist Yoga\"}]},{\"@type\":\"WebSite\",\"@id\":\"https:\\\/\\\/www.yoga-vision.ch\\\/#website\",\"url\":\"https:\\\/\\\/www.yoga-vision.ch\\\/\",\"name\":\"Yoga Vision\",\"description\":\"\",\"publisher\":{\"@id\":\"https:\\\/\\\/www.yoga-vision.ch\\\/#organization\"},\"potentialAction\":[{\"@type\":\"SearchAction\",\"target\":{\"@type\":\"EntryPoint\",\"urlTemplate\":\"https:\\\/\\\/www.yoga-vision.ch\\\/?s={search_term_string}\"},\"query-input\":{\"@type\":\"PropertyValueSpecification\",\"valueRequired\":true,\"valueName\":\"search_term_string\"}}],\"inLanguage\":\"de\"},{\"@type\":\"Organization\",\"@id\":\"https:\\\/\\\/www.yoga-vision.ch\\\/#organization\",\"name\":\"Yoga Vision\",\"url\":\"https:\\\/\\\/www.yoga-vision.ch\\\/\",\"logo\":{\"@type\":\"ImageObject\",\"inLanguage\":\"de\",\"@id\":\"https:\\\/\\\/www.yoga-vision.ch\\\/#\\\/schema\\\/logo\\\/image\\\/\",\"url\":\"https:\\\/\\\/www.yoga-vision.ch\\\/wp-content\\\/uploads\\\/2021\\\/10\\\/logo_farbig.png\",\"contentUrl\":\"https:\\\/\\\/www.yoga-vision.ch\\\/wp-content\\\/uploads\\\/2021\\\/10\\\/logo_farbig.png\",\"width\":1276,\"height\":241,\"caption\":\"Yoga Vision\"},\"image\":{\"@id\":\"https:\\\/\\\/www.yoga-vision.ch\\\/#\\\/schema\\\/logo\\\/image\\\/\"},\"sameAs\":[\"https:\\\/\\\/www.facebook.com\\\/yogavisionanitawuest\"]}]}<\/script>\n<!-- \/ Yoast SEO plugin. -->","yoast_head_json":{"title":"Was ist Yoga - Yoga Vision","robots":{"index":"index","follow":"follow","max-snippet":"max-snippet:-1","max-image-preview":"max-image-preview:large","max-video-preview":"max-video-preview:-1"},"canonical":"https:\/\/www.yoga-vision.ch\/?page_id=193","og_locale":"de_DE","og_type":"article","og_title":"Was ist Yoga - Yoga Vision","og_description":"Yoga \u2013 Einheit und Harmonie von K\u00f6rper, Geist und Seele Yoga ist eine Jahrtausende alte indische k\u00f6rperlich-geistige Disziplin, die sich unabh\u00e4ngig jeglicher Religion in verschiedenen Stilen weiterentwickelt hat und somit jedem Menschen &#8211; unabh\u00e4ngig&nbsp; von seiner sozialen, kulturellen und religi\u00f6sen Herkunft zug\u00e4nglich ist. Es f\u00f6rdert und bewahrt Gesundheit, Wohlbefinden und Harmonie. Yoga weckt schlummernde F\u00e4higkeiten, [&hellip;]","og_url":"https:\/\/www.yoga-vision.ch\/?page_id=193","og_site_name":"Yoga Vision","article_publisher":"https:\/\/www.facebook.com\/yogavisionanitawuest","article_modified_time":"2021-10-17T18:30:02+00:00","twitter_card":"summary_large_image","twitter_misc":{"Gesch\u00e4tzte Lesezeit":"1\u00a0Minute"},"schema":{"@context":"https:\/\/schema.org","@graph":[{"@type":"WebPage","@id":"https:\/\/www.yoga-vision.ch\/?page_id=193","url":"https:\/\/www.yoga-vision.ch\/?page_id=193","name":"Was ist Yoga - Yoga Vision","isPartOf":{"@id":"https:\/\/www.yoga-vision.ch\/#website"},"datePublished":"2021-10-17T17:25:30+00:00","dateModified":"2021-10-17T18:30:02+00:00","breadcrumb":{"@id":"https:\/\/www.yoga-vision.ch\/?page_id=193#breadcrumb"},"inLanguage":"de","potentialAction":[{"@type":"ReadAction","target":["https:\/\/www.yoga-vision.ch\/?page_id=193"]}]},{"@type":"BreadcrumbList","@id":"https:\/\/www.yoga-vision.ch\/?page_id=193#breadcrumb","itemListElement":[{"@type":"ListItem","position":1,"name":"Startseite","item":"https:\/\/www.yoga-vision.ch\/"},{"@type":"ListItem","position":2,"name":"Yoga","item":"https:\/\/www.yoga-vision.ch\/?page_id=114"},{"@type":"ListItem","position":3,"name":"Was ist Yoga"}]},{"@type":"WebSite","@id":"https:\/\/www.yoga-vision.ch\/#website","url":"https:\/\/www.yoga-vision.ch\/","name":"Yoga Vision","description":"","publisher":{"@id":"https:\/\/www.yoga-vision.ch\/#organization"},"potentialAction":[{"@type":"SearchAction","target":{"@type":"EntryPoint","urlTemplate":"https:\/\/www.yoga-vision.ch\/?s={search_term_string}"},"query-input":{"@type":"PropertyValueSpecification","valueRequired":true,"valueName":"search_term_string"}}],"inLanguage":"de"},{"@type":"Organization","@id":"https:\/\/www.yoga-vision.ch\/#organization","name":"Yoga Vision","url":"https:\/\/www.yoga-vision.ch\/","logo":{"@type":"ImageObject","inLanguage":"de","@id":"https:\/\/www.yoga-vision.ch\/#\/schema\/logo\/image\/","url":"https:\/\/www.yoga-vision.ch\/wp-content\/uploads\/2021\/10\/logo_farbig.png","contentUrl":"https:\/\/www.yoga-vision.ch\/wp-content\/uploads\/2021\/10\/logo_farbig.png","width":1276,"height":241,"caption":"Yoga Vision"},"image":{"@id":"https:\/\/www.yoga-vision.ch\/#\/schema\/logo\/image\/"},"sameAs":["https:\/\/www.facebook.com\/yogavisionanitawuest"]}]}},"_links":{"self":[{"href":"https:\/\/www.yoga-vision.ch\/index.php?rest_route=\/wp\/v2\/pages\/193","targetHints":{"allow":["GET"]}}],"collection":[{"href":"https:\/\/www.yoga-vision.ch\/index.php?rest_route=\/wp\/v2\/pages"}],"about":[{"href":"https:\/\/www.yoga-vision.ch\/index.php?rest_route=\/wp\/v2\/types\/page"}],"author":[{"embeddable":true,"href":"https:\/\/www.yoga-vision.ch\/index.php?rest_route=\/wp\/v2\/users\/2"}],"replies":[{"embeddable":true,"href":"https:\/\/www.yoga-vision.ch\/index.php?rest_route=%2Fwp%2Fv2%2Fcomments&post=193"}],"version-history":[{"count":1,"href":"https:\/\/www.yoga-vision.ch\/index.php?rest_route=\/wp\/v2\/pages\/193\/revisions"}],"predecessor-version":[{"id":194,"href":"https:\/\/www.yoga-vision.ch\/index.php?rest_route=\/wp\/v2\/pages\/193\/revisions\/194"}],"up":[{"embeddable":true,"href":"https:\/\/www.yoga-vision.ch\/index.php?rest_route=\/wp\/v2\/pages\/114"}],"wp:attachment":[{"href":"https:\/\/www.yoga-vision.ch\/index.php?rest_route=%2Fwp%2Fv2%2Fmedia&parent=193"}],"curies":[{"name":"wp","href":"https:\/\/api.w.org\/{rel}","templated":true}]}}