{"id":147,"date":"2021-10-17T16:55:15","date_gmt":"2021-10-17T14:55:15","guid":{"rendered":"https:\/\/www.yoga-vision.ch\/cms\/?page_id=147"},"modified":"2023-01-09T13:47:02","modified_gmt":"2023-01-09T11:47:02","slug":"links","status":"publish","type":"page","link":"https:\/\/www.yoga-vision.ch\/?page_id=147","title":{"rendered":"Links"},"content":{"rendered":"<p>Ungeachtet sorgf\u00e4ltiger inhaltlicher Kontrolle \u00fcbernehmen wir keine Haftung f\u00fcr die Inhalte externer Verkn\u00fcpfungen (Hyperlinks). F\u00fcr den Inhalt der verkn\u00fcpften Seiten sind ausschlie\u00dflich deren Betreiber verantwortlich.<\/p>\n<p class=\"LC20lb MBeuO DKV0Md\"><a href=\"https:\/\/yoga-boutique.ch\/\">Yoga Boutique: Ihr Schweizer Yoga Shop online &amp; Laden<\/a><\/p>\n<p><a href=\"https:\/\/seelenprinzip.ch\/\">Seelenprinzip: K\u00f6rper Geist und Seele im Einklang<\/a><\/p>\n<p><a title=\"AYURVEDA RHYNER Praxis\" href=\"http:\/\/www.ayurveda-rhyner.ch\/\" target=\"_blank\" rel=\"noopener\">AYURVEDA RHYNER\u00ae Praxis<\/a><\/p>\n<p><a title=\"Daniela's Beaty Style\" href=\"http:\/\/www.danielas-beauty-style.ch\/\" target=\"_blank\" rel=\"noopener\">Daniela&#8217;s Beauty Style<\/a><\/p>\n<p><a href=\"http:\/\/www.kundalini-yoga.ch\">www.kundalini-yoga.ch<\/a><\/p>\n","protected":false},"excerpt":{"rendered":"<p>Ungeachtet sorgf\u00e4ltiger inhaltlicher Kontrolle \u00fcbernehmen wir keine Haftung f\u00fcr die Inhalte externer Verkn\u00fcpfungen (Hyperlinks). F\u00fcr den Inhalt der verkn\u00fcpften Seiten sind ausschlie\u00dflich deren Betreiber verantwortlich. Yoga Boutique: Ihr Schweizer Yoga Shop online &amp; Laden Seelenprinzip: K\u00f6rper Geist und Seele im Einklang AYURVEDA RHYNER\u00ae Praxis Daniela&#8217;s Beauty Style www.kundalini-yoga.ch<\/p>\n","protected":false},"author":2,"featured_media":0,"parent":0,"menu_order":4,"comment_status":"closed","ping_status":"closed","template":"","meta":{"ngg_post_thumbnail":0,"footnotes":""},"class_list":["post-147","page","type-page","status-publish","hentry"],"yoast_head":"<!-- This site is optimized with the Yoast SEO plugin v27.4 - https:\/\/yoast.com\/product\/yoast-seo-wordpress\/ -->\n<title>Links - Yoga Vision<\/title>\n<meta name=\"robots\" content=\"index, follow, max-snippet:-1, max-image-preview:large, max-video-preview:-1\" \/>\n<link rel=\"canonical\" href=\"https:\/\/www.yoga-vision.ch\/?page_id=147\" \/>\n<meta property=\"og:locale\" content=\"de_DE\" \/>\n<meta property=\"og:type\" content=\"article\" \/>\n<meta property=\"og:title\" content=\"Links - Yoga Vision\" \/>\n<meta property=\"og:description\" content=\"Ungeachtet sorgf\u00e4ltiger inhaltlicher Kontrolle \u00fcbernehmen wir keine Haftung f\u00fcr die Inhalte externer Verkn\u00fcpfungen (Hyperlinks). F\u00fcr den Inhalt der verkn\u00fcpften Seiten sind ausschlie\u00dflich deren Betreiber verantwortlich. Yoga Boutique: Ihr Schweizer Yoga Shop online &amp; Laden Seelenprinzip: K\u00f6rper Geist und Seele im Einklang AYURVEDA RHYNER\u00ae Praxis Daniela&#8217;s Beauty Style www.kundalini-yoga.ch\" \/>\n<meta property=\"og:url\" content=\"https:\/\/www.yoga-vision.ch\/?page_id=147\" \/>\n<meta property=\"og:site_name\" content=\"Yoga Vision\" \/>\n<meta property=\"article:publisher\" content=\"https:\/\/www.facebook.com\/yogavisionanitawuest\" \/>\n<meta property=\"article:modified_time\" content=\"2023-01-09T11:47:02+00:00\" \/>\n<meta name=\"twitter:card\" content=\"summary_large_image\" \/>\n<script type=\"application\/ld+json\" class=\"yoast-schema-graph\">{\"@context\":\"https:\\\/\\\/schema.org\",\"@graph\":[{\"@type\":\"WebPage\",\"@id\":\"https:\\\/\\\/www.yoga-vision.ch\\\/?page_id=147\",\"url\":\"https:\\\/\\\/www.yoga-vision.ch\\\/?page_id=147\",\"name\":\"Links - Yoga Vision\",\"isPartOf\":{\"@id\":\"https:\\\/\\\/www.yoga-vision.ch\\\/#website\"},\"datePublished\":\"2021-10-17T14:55:15+00:00\",\"dateModified\":\"2023-01-09T11:47:02+00:00\",\"breadcrumb\":{\"@id\":\"https:\\\/\\\/www.yoga-vision.ch\\\/?page_id=147#breadcrumb\"},\"inLanguage\":\"de\",\"potentialAction\":[{\"@type\":\"ReadAction\",\"target\":[\"https:\\\/\\\/www.yoga-vision.ch\\\/?page_id=147\"]}]},{\"@type\":\"BreadcrumbList\",\"@id\":\"https:\\\/\\\/www.yoga-vision.ch\\\/?page_id=147#breadcrumb\",\"itemListElement\":[{\"@type\":\"ListItem\",\"position\":1,\"name\":\"Startseite\",\"item\":\"https:\\\/\\\/www.yoga-vision.ch\\\/\"},{\"@type\":\"ListItem\",\"position\":2,\"name\":\"Links\"}]},{\"@type\":\"WebSite\",\"@id\":\"https:\\\/\\\/www.yoga-vision.ch\\\/#website\",\"url\":\"https:\\\/\\\/www.yoga-vision.ch\\\/\",\"name\":\"Yoga Vision\",\"description\":\"\",\"publisher\":{\"@id\":\"https:\\\/\\\/www.yoga-vision.ch\\\/#organization\"},\"potentialAction\":[{\"@type\":\"SearchAction\",\"target\":{\"@type\":\"EntryPoint\",\"urlTemplate\":\"https:\\\/\\\/www.yoga-vision.ch\\\/?s={search_term_string}\"},\"query-input\":{\"@type\":\"PropertyValueSpecification\",\"valueRequired\":true,\"valueName\":\"search_term_string\"}}],\"inLanguage\":\"de\"},{\"@type\":\"Organization\",\"@id\":\"https:\\\/\\\/www.yoga-vision.ch\\\/#organization\",\"name\":\"Yoga Vision\",\"url\":\"https:\\\/\\\/www.yoga-vision.ch\\\/\",\"logo\":{\"@type\":\"ImageObject\",\"inLanguage\":\"de\",\"@id\":\"https:\\\/\\\/www.yoga-vision.ch\\\/#\\\/schema\\\/logo\\\/image\\\/\",\"url\":\"https:\\\/\\\/www.yoga-vision.ch\\\/wp-content\\\/uploads\\\/2021\\\/10\\\/logo_farbig.png\",\"contentUrl\":\"https:\\\/\\\/www.yoga-vision.ch\\\/wp-content\\\/uploads\\\/2021\\\/10\\\/logo_farbig.png\",\"width\":1276,\"height\":241,\"caption\":\"Yoga Vision\"},\"image\":{\"@id\":\"https:\\\/\\\/www.yoga-vision.ch\\\/#\\\/schema\\\/logo\\\/image\\\/\"},\"sameAs\":[\"https:\\\/\\\/www.facebook.com\\\/yogavisionanitawuest\"]}]}<\/script>\n<!-- \/ Yoast SEO plugin. -->","yoast_head_json":{"title":"Links - Yoga Vision","robots":{"index":"index","follow":"follow","max-snippet":"max-snippet:-1","max-image-preview":"max-image-preview:large","max-video-preview":"max-video-preview:-1"},"canonical":"https:\/\/www.yoga-vision.ch\/?page_id=147","og_locale":"de_DE","og_type":"article","og_title":"Links - Yoga Vision","og_description":"Ungeachtet sorgf\u00e4ltiger inhaltlicher Kontrolle \u00fcbernehmen wir keine Haftung f\u00fcr die Inhalte externer Verkn\u00fcpfungen (Hyperlinks). F\u00fcr den Inhalt der verkn\u00fcpften Seiten sind ausschlie\u00dflich deren Betreiber verantwortlich. Yoga Boutique: Ihr Schweizer Yoga Shop online &amp; Laden Seelenprinzip: K\u00f6rper Geist und Seele im Einklang AYURVEDA RHYNER\u00ae Praxis Daniela&#8217;s Beauty Style www.kundalini-yoga.ch","og_url":"https:\/\/www.yoga-vision.ch\/?page_id=147","og_site_name":"Yoga Vision","article_publisher":"https:\/\/www.facebook.com\/yogavisionanitawuest","article_modified_time":"2023-01-09T11:47:02+00:00","twitter_card":"summary_large_image","schema":{"@context":"https:\/\/schema.org","@graph":[{"@type":"WebPage","@id":"https:\/\/www.yoga-vision.ch\/?page_id=147","url":"https:\/\/www.yoga-vision.ch\/?page_id=147","name":"Links - Yoga Vision","isPartOf":{"@id":"https:\/\/www.yoga-vision.ch\/#website"},"datePublished":"2021-10-17T14:55:15+00:00","dateModified":"2023-01-09T11:47:02+00:00","breadcrumb":{"@id":"https:\/\/www.yoga-vision.ch\/?page_id=147#breadcrumb"},"inLanguage":"de","potentialAction":[{"@type":"ReadAction","target":["https:\/\/www.yoga-vision.ch\/?page_id=147"]}]},{"@type":"BreadcrumbList","@id":"https:\/\/www.yoga-vision.ch\/?page_id=147#breadcrumb","itemListElement":[{"@type":"ListItem","position":1,"name":"Startseite","item":"https:\/\/www.yoga-vision.ch\/"},{"@type":"ListItem","position":2,"name":"Links"}]},{"@type":"WebSite","@id":"https:\/\/www.yoga-vision.ch\/#website","url":"https:\/\/www.yoga-vision.ch\/","name":"Yoga Vision","description":"","publisher":{"@id":"https:\/\/www.yoga-vision.ch\/#organization"},"potentialAction":[{"@type":"SearchAction","target":{"@type":"EntryPoint","urlTemplate":"https:\/\/www.yoga-vision.ch\/?s={search_term_string}"},"query-input":{"@type":"PropertyValueSpecification","valueRequired":true,"valueName":"search_term_string"}}],"inLanguage":"de"},{"@type":"Organization","@id":"https:\/\/www.yoga-vision.ch\/#organization","name":"Yoga Vision","url":"https:\/\/www.yoga-vision.ch\/","logo":{"@type":"ImageObject","inLanguage":"de","@id":"https:\/\/www.yoga-vision.ch\/#\/schema\/logo\/image\/","url":"https:\/\/www.yoga-vision.ch\/wp-content\/uploads\/2021\/10\/logo_farbig.png","contentUrl":"https:\/\/www.yoga-vision.ch\/wp-content\/uploads\/2021\/10\/logo_farbig.png","width":1276,"height":241,"caption":"Yoga Vision"},"image":{"@id":"https:\/\/www.yoga-vision.ch\/#\/schema\/logo\/image\/"},"sameAs":["https:\/\/www.facebook.com\/yogavisionanitawuest"]}]}},"_links":{"self":[{"href":"https:\/\/www.yoga-vision.ch\/index.php?rest_route=\/wp\/v2\/pages\/147","targetHints":{"allow":["GET"]}}],"collection":[{"href":"https:\/\/www.yoga-vision.ch\/index.php?rest_route=\/wp\/v2\/pages"}],"about":[{"href":"https:\/\/www.yoga-vision.ch\/index.php?rest_route=\/wp\/v2\/types\/page"}],"author":[{"embeddable":true,"href":"https:\/\/www.yoga-vision.ch\/index.php?rest_route=\/wp\/v2\/users\/2"}],"replies":[{"embeddable":true,"href":"https:\/\/www.yoga-vision.ch\/index.php?rest_route=%2Fwp%2Fv2%2Fcomments&post=147"}],"version-history":[{"count":5,"href":"https:\/\/www.yoga-vision.ch\/index.php?rest_route=\/wp\/v2\/pages\/147\/revisions"}],"predecessor-version":[{"id":399,"href":"https:\/\/www.yoga-vision.ch\/index.php?rest_route=\/wp\/v2\/pages\/147\/revisions\/399"}],"wp:attachment":[{"href":"https:\/\/www.yoga-vision.ch\/index.php?rest_route=%2Fwp%2Fv2%2Fmedia&parent=147"}],"curies":[{"name":"wp","href":"https:\/\/api.w.org\/{rel}","templated":true}]}}