{"id":145,"date":"2021-10-17T16:54:39","date_gmt":"2021-10-17T14:54:39","guid":{"rendered":"https:\/\/www.yoga-vision.ch\/cms\/?page_id=145"},"modified":"2021-10-17T16:57:04","modified_gmt":"2021-10-17T14:57:04","slug":"agb","status":"publish","type":"page","link":"https:\/\/www.yoga-vision.ch\/?page_id=145","title":{"rendered":"AGB"},"content":{"rendered":"<ul>\n<li>Zahlung erfolgt bei Kursbeginn in bar, Twint, Einzahlungsschein oder E-Banking.<\/li>\n<li>Eine Schnupperlektion ist gratis, Anmeldung n\u00f6tig (per Mail, Anmeldeformular, Telefon)<\/li>\n<li>Die 10er Karte hat kein Verfallsdatum. Sie ist nicht \u00fcbertragbar. Wer die Karte vergisst muss die Lektion bar bezahlen.<\/li>\n<li>Der Kursteilnehmer\/in verpflichtet sich mir allf\u00e4llige Erkrankungen d.h. Bluthochdruck, Bandscheibenprobleme, erh\u00f6hter Augeninnendruck, Kreislaufprobleme usw. mitzuteilen.<\/li>\n<li>R\u00fccktrittsbedingungen bei Workshops und Seminaren: Bei R\u00fccktritt des Teilnehmers bis 2 Wochen vor Kursbeginn wird eine Bearbeitungsgeb\u00fchr von 30.- Fr. erhoben. Bei sp\u00e4terem R\u00fccktritt oder Nicht-Antreten k\u00f6nnen keine Geb\u00fchren r\u00fcckerstattet werden.<\/li>\n<li>Versicherung: Die Kurse werden nach bestem Wissen und Gewissen durchgef\u00fchrt. Es liegt in der <strong>Verantwortung der Kursteilnehmer\/in, w\u00e4hrend der Kursstunde das f\u00fcr den eigenen K\u00f6rper richtige Mass zu finden.<\/strong><br \/>\n<strong>Es steht in der Verantwortung der Kursteilnehmer\/in f\u00fcr ausreichenden Versicherungsschutz zu sorgen.<\/strong><br \/>\nDie Kursleitung (Anita W\u00fcst) \u00fcbernimmt in keiner Weise die Verantwortung bei Personen- und Sachsch\u00e4den sowie bei Diebstahl und lehnt jegliche Haftung ab. Bei s\u00e4mtlichen Kursen ist der Kursteilnehmer\/in selbst f\u00fcr die Versicherung verantwortlich. Ich \u00fcbernehme keine Haftung.<\/li>\n<\/ul>\n<p>Die Preise und AGB`s k\u00f6nnen sich \u00e4ndern.<\/p>\n","protected":false},"excerpt":{"rendered":"<p>Zahlung erfolgt bei Kursbeginn in bar, Twint, Einzahlungsschein oder E-Banking. Eine Schnupperlektion ist gratis, Anmeldung n\u00f6tig (per Mail, Anmeldeformular, Telefon) Die 10er Karte hat kein Verfallsdatum. Sie ist nicht \u00fcbertragbar. Wer die Karte vergisst muss die Lektion bar bezahlen. Der Kursteilnehmer\/in verpflichtet sich mir allf\u00e4llige Erkrankungen d.h. Bluthochdruck, Bandscheibenprobleme, erh\u00f6hter Augeninnendruck, Kreislaufprobleme usw. mitzuteilen. R\u00fccktrittsbedingungen [&hellip;]<\/p>\n","protected":false},"author":2,"featured_media":0,"parent":126,"menu_order":0,"comment_status":"closed","ping_status":"closed","template":"","meta":{"ngg_post_thumbnail":0,"footnotes":""},"class_list":["post-145","page","type-page","status-publish","hentry"],"yoast_head":"<!-- This site is optimized with the Yoast SEO plugin v27.4 - https:\/\/yoast.com\/product\/yoast-seo-wordpress\/ -->\n<title>AGB - Yoga Vision<\/title>\n<meta name=\"robots\" content=\"index, follow, max-snippet:-1, max-image-preview:large, max-video-preview:-1\" \/>\n<link rel=\"canonical\" href=\"https:\/\/www.yoga-vision.ch\/?page_id=145\" \/>\n<meta property=\"og:locale\" content=\"de_DE\" \/>\n<meta property=\"og:type\" content=\"article\" \/>\n<meta property=\"og:title\" content=\"AGB - Yoga Vision\" \/>\n<meta property=\"og:description\" content=\"Zahlung erfolgt bei Kursbeginn in bar, Twint, Einzahlungsschein oder E-Banking. Eine Schnupperlektion ist gratis, Anmeldung n\u00f6tig (per Mail, Anmeldeformular, Telefon) Die 10er Karte hat kein Verfallsdatum. Sie ist nicht \u00fcbertragbar. Wer die Karte vergisst muss die Lektion bar bezahlen. Der Kursteilnehmer\/in verpflichtet sich mir allf\u00e4llige Erkrankungen d.h. Bluthochdruck, Bandscheibenprobleme, erh\u00f6hter Augeninnendruck, Kreislaufprobleme usw. mitzuteilen. R\u00fccktrittsbedingungen [&hellip;]\" \/>\n<meta property=\"og:url\" content=\"https:\/\/www.yoga-vision.ch\/?page_id=145\" \/>\n<meta property=\"og:site_name\" content=\"Yoga Vision\" \/>\n<meta property=\"article:publisher\" content=\"https:\/\/www.facebook.com\/yogavisionanitawuest\" \/>\n<meta property=\"article:modified_time\" content=\"2021-10-17T14:57:04+00:00\" \/>\n<meta name=\"twitter:card\" content=\"summary_large_image\" \/>\n<meta name=\"twitter:label1\" content=\"Gesch\u00e4tzte Lesezeit\" \/>\n\t<meta name=\"twitter:data1\" content=\"1\u00a0Minute\" \/>\n<script type=\"application\/ld+json\" class=\"yoast-schema-graph\">{\"@context\":\"https:\\\/\\\/schema.org\",\"@graph\":[{\"@type\":\"WebPage\",\"@id\":\"https:\\\/\\\/www.yoga-vision.ch\\\/?page_id=145\",\"url\":\"https:\\\/\\\/www.yoga-vision.ch\\\/?page_id=145\",\"name\":\"AGB - Yoga Vision\",\"isPartOf\":{\"@id\":\"https:\\\/\\\/www.yoga-vision.ch\\\/#website\"},\"datePublished\":\"2021-10-17T14:54:39+00:00\",\"dateModified\":\"2021-10-17T14:57:04+00:00\",\"breadcrumb\":{\"@id\":\"https:\\\/\\\/www.yoga-vision.ch\\\/?page_id=145#breadcrumb\"},\"inLanguage\":\"de\",\"potentialAction\":[{\"@type\":\"ReadAction\",\"target\":[\"https:\\\/\\\/www.yoga-vision.ch\\\/?page_id=145\"]}]},{\"@type\":\"BreadcrumbList\",\"@id\":\"https:\\\/\\\/www.yoga-vision.ch\\\/?page_id=145#breadcrumb\",\"itemListElement\":[{\"@type\":\"ListItem\",\"position\":1,\"name\":\"Startseite\",\"item\":\"https:\\\/\\\/www.yoga-vision.ch\\\/\"},{\"@type\":\"ListItem\",\"position\":2,\"name\":\"Kurse\",\"item\":\"https:\\\/\\\/www.yoga-vision.ch\\\/?page_id=126\"},{\"@type\":\"ListItem\",\"position\":3,\"name\":\"AGB\"}]},{\"@type\":\"WebSite\",\"@id\":\"https:\\\/\\\/www.yoga-vision.ch\\\/#website\",\"url\":\"https:\\\/\\\/www.yoga-vision.ch\\\/\",\"name\":\"Yoga Vision\",\"description\":\"\",\"publisher\":{\"@id\":\"https:\\\/\\\/www.yoga-vision.ch\\\/#organization\"},\"potentialAction\":[{\"@type\":\"SearchAction\",\"target\":{\"@type\":\"EntryPoint\",\"urlTemplate\":\"https:\\\/\\\/www.yoga-vision.ch\\\/?s={search_term_string}\"},\"query-input\":{\"@type\":\"PropertyValueSpecification\",\"valueRequired\":true,\"valueName\":\"search_term_string\"}}],\"inLanguage\":\"de\"},{\"@type\":\"Organization\",\"@id\":\"https:\\\/\\\/www.yoga-vision.ch\\\/#organization\",\"name\":\"Yoga Vision\",\"url\":\"https:\\\/\\\/www.yoga-vision.ch\\\/\",\"logo\":{\"@type\":\"ImageObject\",\"inLanguage\":\"de\",\"@id\":\"https:\\\/\\\/www.yoga-vision.ch\\\/#\\\/schema\\\/logo\\\/image\\\/\",\"url\":\"https:\\\/\\\/www.yoga-vision.ch\\\/wp-content\\\/uploads\\\/2021\\\/10\\\/logo_farbig.png\",\"contentUrl\":\"https:\\\/\\\/www.yoga-vision.ch\\\/wp-content\\\/uploads\\\/2021\\\/10\\\/logo_farbig.png\",\"width\":1276,\"height\":241,\"caption\":\"Yoga Vision\"},\"image\":{\"@id\":\"https:\\\/\\\/www.yoga-vision.ch\\\/#\\\/schema\\\/logo\\\/image\\\/\"},\"sameAs\":[\"https:\\\/\\\/www.facebook.com\\\/yogavisionanitawuest\"]}]}<\/script>\n<!-- \/ Yoast SEO plugin. -->","yoast_head_json":{"title":"AGB - Yoga Vision","robots":{"index":"index","follow":"follow","max-snippet":"max-snippet:-1","max-image-preview":"max-image-preview:large","max-video-preview":"max-video-preview:-1"},"canonical":"https:\/\/www.yoga-vision.ch\/?page_id=145","og_locale":"de_DE","og_type":"article","og_title":"AGB - Yoga Vision","og_description":"Zahlung erfolgt bei Kursbeginn in bar, Twint, Einzahlungsschein oder E-Banking. Eine Schnupperlektion ist gratis, Anmeldung n\u00f6tig (per Mail, Anmeldeformular, Telefon) Die 10er Karte hat kein Verfallsdatum. Sie ist nicht \u00fcbertragbar. Wer die Karte vergisst muss die Lektion bar bezahlen. Der Kursteilnehmer\/in verpflichtet sich mir allf\u00e4llige Erkrankungen d.h. Bluthochdruck, Bandscheibenprobleme, erh\u00f6hter Augeninnendruck, Kreislaufprobleme usw. mitzuteilen. R\u00fccktrittsbedingungen [&hellip;]","og_url":"https:\/\/www.yoga-vision.ch\/?page_id=145","og_site_name":"Yoga Vision","article_publisher":"https:\/\/www.facebook.com\/yogavisionanitawuest","article_modified_time":"2021-10-17T14:57:04+00:00","twitter_card":"summary_large_image","twitter_misc":{"Gesch\u00e4tzte Lesezeit":"1\u00a0Minute"},"schema":{"@context":"https:\/\/schema.org","@graph":[{"@type":"WebPage","@id":"https:\/\/www.yoga-vision.ch\/?page_id=145","url":"https:\/\/www.yoga-vision.ch\/?page_id=145","name":"AGB - Yoga Vision","isPartOf":{"@id":"https:\/\/www.yoga-vision.ch\/#website"},"datePublished":"2021-10-17T14:54:39+00:00","dateModified":"2021-10-17T14:57:04+00:00","breadcrumb":{"@id":"https:\/\/www.yoga-vision.ch\/?page_id=145#breadcrumb"},"inLanguage":"de","potentialAction":[{"@type":"ReadAction","target":["https:\/\/www.yoga-vision.ch\/?page_id=145"]}]},{"@type":"BreadcrumbList","@id":"https:\/\/www.yoga-vision.ch\/?page_id=145#breadcrumb","itemListElement":[{"@type":"ListItem","position":1,"name":"Startseite","item":"https:\/\/www.yoga-vision.ch\/"},{"@type":"ListItem","position":2,"name":"Kurse","item":"https:\/\/www.yoga-vision.ch\/?page_id=126"},{"@type":"ListItem","position":3,"name":"AGB"}]},{"@type":"WebSite","@id":"https:\/\/www.yoga-vision.ch\/#website","url":"https:\/\/www.yoga-vision.ch\/","name":"Yoga Vision","description":"","publisher":{"@id":"https:\/\/www.yoga-vision.ch\/#organization"},"potentialAction":[{"@type":"SearchAction","target":{"@type":"EntryPoint","urlTemplate":"https:\/\/www.yoga-vision.ch\/?s={search_term_string}"},"query-input":{"@type":"PropertyValueSpecification","valueRequired":true,"valueName":"search_term_string"}}],"inLanguage":"de"},{"@type":"Organization","@id":"https:\/\/www.yoga-vision.ch\/#organization","name":"Yoga Vision","url":"https:\/\/www.yoga-vision.ch\/","logo":{"@type":"ImageObject","inLanguage":"de","@id":"https:\/\/www.yoga-vision.ch\/#\/schema\/logo\/image\/","url":"https:\/\/www.yoga-vision.ch\/wp-content\/uploads\/2021\/10\/logo_farbig.png","contentUrl":"https:\/\/www.yoga-vision.ch\/wp-content\/uploads\/2021\/10\/logo_farbig.png","width":1276,"height":241,"caption":"Yoga Vision"},"image":{"@id":"https:\/\/www.yoga-vision.ch\/#\/schema\/logo\/image\/"},"sameAs":["https:\/\/www.facebook.com\/yogavisionanitawuest"]}]}},"_links":{"self":[{"href":"https:\/\/www.yoga-vision.ch\/index.php?rest_route=\/wp\/v2\/pages\/145","targetHints":{"allow":["GET"]}}],"collection":[{"href":"https:\/\/www.yoga-vision.ch\/index.php?rest_route=\/wp\/v2\/pages"}],"about":[{"href":"https:\/\/www.yoga-vision.ch\/index.php?rest_route=\/wp\/v2\/types\/page"}],"author":[{"embeddable":true,"href":"https:\/\/www.yoga-vision.ch\/index.php?rest_route=\/wp\/v2\/users\/2"}],"replies":[{"embeddable":true,"href":"https:\/\/www.yoga-vision.ch\/index.php?rest_route=%2Fwp%2Fv2%2Fcomments&post=145"}],"version-history":[{"count":2,"href":"https:\/\/www.yoga-vision.ch\/index.php?rest_route=\/wp\/v2\/pages\/145\/revisions"}],"predecessor-version":[{"id":149,"href":"https:\/\/www.yoga-vision.ch\/index.php?rest_route=\/wp\/v2\/pages\/145\/revisions\/149"}],"up":[{"embeddable":true,"href":"https:\/\/www.yoga-vision.ch\/index.php?rest_route=\/wp\/v2\/pages\/126"}],"wp:attachment":[{"href":"https:\/\/www.yoga-vision.ch\/index.php?rest_route=%2Fwp%2Fv2%2Fmedia&parent=145"}],"curies":[{"name":"wp","href":"https:\/\/api.w.org\/{rel}","templated":true}]}}