{"id":143,"date":"2021-10-17T16:54:09","date_gmt":"2021-10-17T14:54:09","guid":{"rendered":"https:\/\/www.yoga-vision.ch\/cms\/?page_id=143"},"modified":"2025-09-23T07:04:26","modified_gmt":"2025-09-23T05:04:26","slug":"workshops-seminare","status":"publish","type":"page","link":"https:\/\/www.yoga-vision.ch\/?page_id=143","title":{"rendered":"Workshops \/ Seminare"},"content":{"rendered":"<h2>Yoga Workshop<\/h2>\n<p>Yoga wirkt \u00fcber den K\u00f6rper und \u00fcber das Bewusstsein. Dies wussten die Yogis bereits vor tausenden von Jahren und machten sich diese Praxis zunutze, um innerliches und \u00e4usseres Wachstum zu erreichen. Innerlich kommt man immer mehr zur Ruhe und \u00e4usserlich wirkt es sich durch die Atmung und Bandhas positiv auf das Nerven und Hormonsystem aus.<br \/>\nYoga ver\u00e4ndert auf subtile Art und Weise deine innere Ausrichtung. Nur durch das \u00dcben geschieht es.<br \/>\nWer gerne einmal l\u00e4nger Yoga \u00fcben m\u00f6chte gebe ich an drei Samstagen diese M\u00f6glichkeit.<\/p>\n<p>Anschliessend gibt es einen feinen Chai.<\/p>\n<p>Ich freue mich auf Euch<\/p>\n<p>Anita<\/p>\n<span id=\"tablepress-13-description\" class=\"tablepress-table-description tablepress-table-description-id-13\"><\/span>\n\n<table id=\"tablepress-13\" class=\"tablepress tablepress-id-13\" aria-describedby=\"tablepress-13-description\">\n<tbody class=\"row-striping row-hover\">\n<tr class=\"row-1\">\n\t<td class=\"column-1\">Datum: <br \/>\n            <\/td><td class=\"column-2\">finden im Herbst wieder statt<\/td>\n<\/tr>\n<tr class=\"row-2\">\n\t<td class=\"column-1\">Zeit: <\/td><td class=\"column-2\">16.00 bis 19.00<\/td>\n<\/tr>\n<tr class=\"row-3\">\n\t<td class=\"column-1\">Kosten:<\/td><td class=\"column-2\">CH 55.-<\/td>\n<\/tr>\n<\/tbody>\n<\/table>\n<!-- #tablepress-13 from cache -->\n<p><a href=\"https:\/\/www.yoga-vision.ch\/?page_id=141\">Zur Anmeldung<\/a><\/p>\n<p><img loading=\"lazy\" decoding=\"async\" class=\"alignnone size-medium wp-image-184\" src=\"http:\/\/www.yoga-vision.ch\/wp-content\/uploads\/2021\/10\/DSC05609-600x399.jpg\" alt=\"\" width=\"600\" height=\"399\" srcset=\"https:\/\/www.yoga-vision.ch\/wp-content\/uploads\/2021\/10\/DSC05609-600x399.jpg 600w, https:\/\/www.yoga-vision.ch\/wp-content\/uploads\/2021\/10\/DSC05609-768x511.jpg 768w, https:\/\/www.yoga-vision.ch\/wp-content\/uploads\/2021\/10\/DSC05609-140x94.jpg 140w, https:\/\/www.yoga-vision.ch\/wp-content\/uploads\/2021\/10\/DSC05609.jpg 1024w\" sizes=\"auto, (max-width: 600px) 100vw, 600px\" \/><\/p>\n<h2>Lerne die tiefe des Yoga kennen. Einf\u00fchrung f\u00fcr alle die mehr wissen wollen.<\/h2>\n<p><strong>Ganzheitlicher Yoga &#8211; mehr als Bewegung<\/strong><\/p>\n<p>Yoga bedeutet nicht nur K\u00f6rperhaltungen auf der Matte. Es ist ein Weg zu mehr Lebenskraft, innerer Klarheit und tiefgehender Heilung.<\/p>\n<p>Der traditionelle, archaische Yogapfad, den ich lehre, er\u00f6ffnet Raum f\u00fcr Transformation. Verbunden mit meiner Ausbildung zur Yogatherapeutin entsteht so ein ganzheitliches \u00dcben, das K\u00f6rper, Geist und Seele ber\u00fchrt. Wenn du Yoga in seiner Tiefe verstehen und erfahren m\u00f6chtest, lade ich dich herzlich zu meinem Workshop ein.<\/p>\n<p>Ich w\u00fcrde mich \u00fcber eine Anmeldung von Dir freuen.<\/p>\n<span id=\"tablepress-12-description\" class=\"tablepress-table-description tablepress-table-description-id-12\"><\/span>\n\n<table id=\"tablepress-12\" class=\"tablepress tablepress-id-12\" aria-describedby=\"tablepress-12-description\">\n<tbody class=\"row-striping row-hover\">\n<tr class=\"row-1\">\n\t<td class=\"column-1\">Datum:<\/td><td class=\"column-2\">nach Anfrage<\/td>\n<\/tr>\n<tr class=\"row-2\">\n\t<td class=\"column-1\">Dauer:<\/td><td class=\"column-2\">2 Std.<\/td>\n<\/tr>\n<tr class=\"row-3\">\n\t<td class=\"column-1\">Zeit:<\/td><td class=\"column-2\">9.00 bis 11.00<\/td>\n<\/tr>\n<tr class=\"row-4\">\n\t<td class=\"column-1\">Kosten:<\/td><td class=\"column-2\">Fr. 40.-<br \/>\n<\/td>\n<\/tr>\n<\/tbody>\n<\/table>\n<!-- #tablepress-12 from cache -->\n<p><a href=\"https:\/\/www.yoga-vision.ch\/?page_id=141\">Zur Anmeldung<\/a><\/p>\n<h4><strong>Zielsetzungen:<\/strong><\/h4>\n<ul>\n<li>Die verschiedenen Atmungstechniken kennen und wissen wie man sie im Alltag nutzen kann.&nbsp;<\/li>\n<li>Die K\u00f6rperwahrnehmung steigern, erkennen wo Dysbalancen sind und wie man sie aufl\u00f6st.<\/li>\n<li>Das Becken selbst ausrichten lernen und damit Fehlhaltungen korrigieren.<\/li>\n<li>Innere Stille erfahren durch <strong>STILL LEGEN DER GEDANKEN<\/strong>, denn das ist das wirkliche Ziel des Yoga.&nbsp;<\/li>\n<\/ul>\n","protected":false},"excerpt":{"rendered":"<p>Yoga Workshop Yoga wirkt \u00fcber den K\u00f6rper und \u00fcber das Bewusstsein. Dies wussten die Yogis bereits vor tausenden von Jahren und machten sich diese Praxis zunutze, um innerliches und \u00e4usseres Wachstum zu erreichen. Innerlich kommt man immer mehr zur Ruhe und \u00e4usserlich wirkt es sich durch die Atmung und Bandhas positiv auf das Nerven und [&hellip;]<\/p>\n","protected":false},"author":2,"featured_media":0,"parent":126,"menu_order":0,"comment_status":"closed","ping_status":"closed","template":"","meta":{"ngg_post_thumbnail":0,"footnotes":""},"class_list":["post-143","page","type-page","status-publish","hentry"],"yoast_head":"<!-- This site is optimized with the Yoast SEO plugin v27.6 - https:\/\/yoast.com\/product\/yoast-seo-wordpress\/ -->\n<title>Workshops \/ Seminare - Yoga Vision<\/title>\n<meta name=\"robots\" content=\"index, follow, max-snippet:-1, max-image-preview:large, max-video-preview:-1\" \/>\n<link rel=\"canonical\" href=\"https:\/\/www.yoga-vision.ch\/?page_id=143\" \/>\n<meta property=\"og:locale\" content=\"de_DE\" \/>\n<meta property=\"og:type\" content=\"article\" \/>\n<meta property=\"og:title\" content=\"Workshops \/ Seminare - Yoga Vision\" \/>\n<meta property=\"og:description\" content=\"Yoga Workshop Yoga wirkt \u00fcber den K\u00f6rper und \u00fcber das Bewusstsein. Dies wussten die Yogis bereits vor tausenden von Jahren und machten sich diese Praxis zunutze, um innerliches und \u00e4usseres Wachstum zu erreichen. Innerlich kommt man immer mehr zur Ruhe und \u00e4usserlich wirkt es sich durch die Atmung und Bandhas positiv auf das Nerven und [&hellip;]\" \/>\n<meta property=\"og:url\" content=\"https:\/\/www.yoga-vision.ch\/?page_id=143\" \/>\n<meta property=\"og:site_name\" content=\"Yoga Vision\" \/>\n<meta property=\"article:publisher\" content=\"https:\/\/www.facebook.com\/yogavisionanitawuest\" \/>\n<meta property=\"article:modified_time\" content=\"2025-09-23T05:04:26+00:00\" \/>\n<meta property=\"og:image\" content=\"https:\/\/www.yoga-vision.ch\/wp-content\/uploads\/2021\/10\/DSC05609.jpg\" \/>\n\t<meta property=\"og:image:width\" content=\"1024\" \/>\n\t<meta property=\"og:image:height\" content=\"681\" \/>\n\t<meta property=\"og:image:type\" content=\"image\/jpeg\" \/>\n<meta name=\"twitter:card\" content=\"summary_large_image\" \/>\n<meta name=\"twitter:label1\" content=\"Gesch\u00e4tzte Lesezeit\" \/>\n\t<meta name=\"twitter:data1\" content=\"2\u00a0Minuten\" \/>\n<script type=\"application\/ld+json\" class=\"yoast-schema-graph\">{\"@context\":\"https:\\\/\\\/schema.org\",\"@graph\":[{\"@type\":\"WebPage\",\"@id\":\"https:\\\/\\\/www.yoga-vision.ch\\\/?page_id=143\",\"url\":\"https:\\\/\\\/www.yoga-vision.ch\\\/?page_id=143\",\"name\":\"Workshops \\\/ Seminare - Yoga Vision\",\"isPartOf\":{\"@id\":\"https:\\\/\\\/www.yoga-vision.ch\\\/#website\"},\"primaryImageOfPage\":{\"@id\":\"https:\\\/\\\/www.yoga-vision.ch\\\/?page_id=143#primaryimage\"},\"image\":{\"@id\":\"https:\\\/\\\/www.yoga-vision.ch\\\/?page_id=143#primaryimage\"},\"thumbnailUrl\":\"http:\\\/\\\/www.yoga-vision.ch\\\/wp-content\\\/uploads\\\/2021\\\/10\\\/DSC05609-600x399.jpg\",\"datePublished\":\"2021-10-17T14:54:09+00:00\",\"dateModified\":\"2025-09-23T05:04:26+00:00\",\"breadcrumb\":{\"@id\":\"https:\\\/\\\/www.yoga-vision.ch\\\/?page_id=143#breadcrumb\"},\"inLanguage\":\"de\",\"potentialAction\":[{\"@type\":\"ReadAction\",\"target\":[\"https:\\\/\\\/www.yoga-vision.ch\\\/?page_id=143\"]}]},{\"@type\":\"ImageObject\",\"inLanguage\":\"de\",\"@id\":\"https:\\\/\\\/www.yoga-vision.ch\\\/?page_id=143#primaryimage\",\"url\":\"https:\\\/\\\/www.yoga-vision.ch\\\/wp-content\\\/uploads\\\/2021\\\/10\\\/DSC05609.jpg\",\"contentUrl\":\"https:\\\/\\\/www.yoga-vision.ch\\\/wp-content\\\/uploads\\\/2021\\\/10\\\/DSC05609.jpg\",\"width\":1024,\"height\":681},{\"@type\":\"BreadcrumbList\",\"@id\":\"https:\\\/\\\/www.yoga-vision.ch\\\/?page_id=143#breadcrumb\",\"itemListElement\":[{\"@type\":\"ListItem\",\"position\":1,\"name\":\"Startseite\",\"item\":\"https:\\\/\\\/www.yoga-vision.ch\\\/\"},{\"@type\":\"ListItem\",\"position\":2,\"name\":\"Kurse\",\"item\":\"https:\\\/\\\/www.yoga-vision.ch\\\/?page_id=126\"},{\"@type\":\"ListItem\",\"position\":3,\"name\":\"Workshops \\\/ Seminare\"}]},{\"@type\":\"WebSite\",\"@id\":\"https:\\\/\\\/www.yoga-vision.ch\\\/#website\",\"url\":\"https:\\\/\\\/www.yoga-vision.ch\\\/\",\"name\":\"Yoga Vision\",\"description\":\"\",\"publisher\":{\"@id\":\"https:\\\/\\\/www.yoga-vision.ch\\\/#organization\"},\"potentialAction\":[{\"@type\":\"SearchAction\",\"target\":{\"@type\":\"EntryPoint\",\"urlTemplate\":\"https:\\\/\\\/www.yoga-vision.ch\\\/?s={search_term_string}\"},\"query-input\":{\"@type\":\"PropertyValueSpecification\",\"valueRequired\":true,\"valueName\":\"search_term_string\"}}],\"inLanguage\":\"de\"},{\"@type\":\"Organization\",\"@id\":\"https:\\\/\\\/www.yoga-vision.ch\\\/#organization\",\"name\":\"Yoga Vision\",\"url\":\"https:\\\/\\\/www.yoga-vision.ch\\\/\",\"logo\":{\"@type\":\"ImageObject\",\"inLanguage\":\"de\",\"@id\":\"https:\\\/\\\/www.yoga-vision.ch\\\/#\\\/schema\\\/logo\\\/image\\\/\",\"url\":\"https:\\\/\\\/www.yoga-vision.ch\\\/wp-content\\\/uploads\\\/2021\\\/10\\\/logo_farbig.png\",\"contentUrl\":\"https:\\\/\\\/www.yoga-vision.ch\\\/wp-content\\\/uploads\\\/2021\\\/10\\\/logo_farbig.png\",\"width\":1276,\"height\":241,\"caption\":\"Yoga Vision\"},\"image\":{\"@id\":\"https:\\\/\\\/www.yoga-vision.ch\\\/#\\\/schema\\\/logo\\\/image\\\/\"},\"sameAs\":[\"https:\\\/\\\/www.facebook.com\\\/yogavisionanitawuest\"]}]}<\/script>\n<!-- \/ Yoast SEO plugin. -->","yoast_head_json":{"title":"Workshops \/ Seminare - Yoga Vision","robots":{"index":"index","follow":"follow","max-snippet":"max-snippet:-1","max-image-preview":"max-image-preview:large","max-video-preview":"max-video-preview:-1"},"canonical":"https:\/\/www.yoga-vision.ch\/?page_id=143","og_locale":"de_DE","og_type":"article","og_title":"Workshops \/ Seminare - Yoga Vision","og_description":"Yoga Workshop Yoga wirkt \u00fcber den K\u00f6rper und \u00fcber das Bewusstsein. Dies wussten die Yogis bereits vor tausenden von Jahren und machten sich diese Praxis zunutze, um innerliches und \u00e4usseres Wachstum zu erreichen. Innerlich kommt man immer mehr zur Ruhe und \u00e4usserlich wirkt es sich durch die Atmung und Bandhas positiv auf das Nerven und [&hellip;]","og_url":"https:\/\/www.yoga-vision.ch\/?page_id=143","og_site_name":"Yoga Vision","article_publisher":"https:\/\/www.facebook.com\/yogavisionanitawuest","article_modified_time":"2025-09-23T05:04:26+00:00","og_image":[{"width":1024,"height":681,"url":"https:\/\/www.yoga-vision.ch\/wp-content\/uploads\/2021\/10\/DSC05609.jpg","type":"image\/jpeg"}],"twitter_card":"summary_large_image","twitter_misc":{"Gesch\u00e4tzte Lesezeit":"2\u00a0Minuten"},"schema":{"@context":"https:\/\/schema.org","@graph":[{"@type":"WebPage","@id":"https:\/\/www.yoga-vision.ch\/?page_id=143","url":"https:\/\/www.yoga-vision.ch\/?page_id=143","name":"Workshops \/ Seminare - Yoga Vision","isPartOf":{"@id":"https:\/\/www.yoga-vision.ch\/#website"},"primaryImageOfPage":{"@id":"https:\/\/www.yoga-vision.ch\/?page_id=143#primaryimage"},"image":{"@id":"https:\/\/www.yoga-vision.ch\/?page_id=143#primaryimage"},"thumbnailUrl":"http:\/\/www.yoga-vision.ch\/wp-content\/uploads\/2021\/10\/DSC05609-600x399.jpg","datePublished":"2021-10-17T14:54:09+00:00","dateModified":"2025-09-23T05:04:26+00:00","breadcrumb":{"@id":"https:\/\/www.yoga-vision.ch\/?page_id=143#breadcrumb"},"inLanguage":"de","potentialAction":[{"@type":"ReadAction","target":["https:\/\/www.yoga-vision.ch\/?page_id=143"]}]},{"@type":"ImageObject","inLanguage":"de","@id":"https:\/\/www.yoga-vision.ch\/?page_id=143#primaryimage","url":"https:\/\/www.yoga-vision.ch\/wp-content\/uploads\/2021\/10\/DSC05609.jpg","contentUrl":"https:\/\/www.yoga-vision.ch\/wp-content\/uploads\/2021\/10\/DSC05609.jpg","width":1024,"height":681},{"@type":"BreadcrumbList","@id":"https:\/\/www.yoga-vision.ch\/?page_id=143#breadcrumb","itemListElement":[{"@type":"ListItem","position":1,"name":"Startseite","item":"https:\/\/www.yoga-vision.ch\/"},{"@type":"ListItem","position":2,"name":"Kurse","item":"https:\/\/www.yoga-vision.ch\/?page_id=126"},{"@type":"ListItem","position":3,"name":"Workshops \/ Seminare"}]},{"@type":"WebSite","@id":"https:\/\/www.yoga-vision.ch\/#website","url":"https:\/\/www.yoga-vision.ch\/","name":"Yoga Vision","description":"","publisher":{"@id":"https:\/\/www.yoga-vision.ch\/#organization"},"potentialAction":[{"@type":"SearchAction","target":{"@type":"EntryPoint","urlTemplate":"https:\/\/www.yoga-vision.ch\/?s={search_term_string}"},"query-input":{"@type":"PropertyValueSpecification","valueRequired":true,"valueName":"search_term_string"}}],"inLanguage":"de"},{"@type":"Organization","@id":"https:\/\/www.yoga-vision.ch\/#organization","name":"Yoga Vision","url":"https:\/\/www.yoga-vision.ch\/","logo":{"@type":"ImageObject","inLanguage":"de","@id":"https:\/\/www.yoga-vision.ch\/#\/schema\/logo\/image\/","url":"https:\/\/www.yoga-vision.ch\/wp-content\/uploads\/2021\/10\/logo_farbig.png","contentUrl":"https:\/\/www.yoga-vision.ch\/wp-content\/uploads\/2021\/10\/logo_farbig.png","width":1276,"height":241,"caption":"Yoga Vision"},"image":{"@id":"https:\/\/www.yoga-vision.ch\/#\/schema\/logo\/image\/"},"sameAs":["https:\/\/www.facebook.com\/yogavisionanitawuest"]}]}},"_links":{"self":[{"href":"https:\/\/www.yoga-vision.ch\/index.php?rest_route=\/wp\/v2\/pages\/143","targetHints":{"allow":["GET"]}}],"collection":[{"href":"https:\/\/www.yoga-vision.ch\/index.php?rest_route=\/wp\/v2\/pages"}],"about":[{"href":"https:\/\/www.yoga-vision.ch\/index.php?rest_route=\/wp\/v2\/types\/page"}],"author":[{"embeddable":true,"href":"https:\/\/www.yoga-vision.ch\/index.php?rest_route=\/wp\/v2\/users\/2"}],"replies":[{"embeddable":true,"href":"https:\/\/www.yoga-vision.ch\/index.php?rest_route=%2Fwp%2Fv2%2Fcomments&post=143"}],"version-history":[{"count":19,"href":"https:\/\/www.yoga-vision.ch\/index.php?rest_route=\/wp\/v2\/pages\/143\/revisions"}],"predecessor-version":[{"id":604,"href":"https:\/\/www.yoga-vision.ch\/index.php?rest_route=\/wp\/v2\/pages\/143\/revisions\/604"}],"up":[{"embeddable":true,"href":"https:\/\/www.yoga-vision.ch\/index.php?rest_route=\/wp\/v2\/pages\/126"}],"wp:attachment":[{"href":"https:\/\/www.yoga-vision.ch\/index.php?rest_route=%2Fwp%2Fv2%2Fmedia&parent=143"}],"curies":[{"name":"wp","href":"https:\/\/api.w.org\/{rel}","templated":true}]}}