{"id":118,"date":"2021-10-14T19:55:26","date_gmt":"2021-10-14T17:55:26","guid":{"rendered":"https:\/\/www.yoga-vision.ch\/cms\/?page_id=118"},"modified":"2023-11-12T15:00:23","modified_gmt":"2023-11-12T13:00:23","slug":"ueber-mich","status":"publish","type":"page","link":"https:\/\/www.yoga-vision.ch\/?page_id=118","title":{"rendered":"\u00dcber mich"},"content":{"rendered":"<p>Was mir im Leben als lebenswert erscheint, ist in die Tiefe zu gehen.<\/p>\n<p><img loading=\"lazy\" decoding=\"async\" class=\"alignnone wp-image-121\" src=\"https:\/\/www.yoga-vision.ch\/cms\/wp-content\/uploads\/2021\/10\/Y7G6984-3web1-1-450x600.jpg\" alt=\"\" width=\"319\" height=\"425\" srcset=\"https:\/\/www.yoga-vision.ch\/wp-content\/uploads\/2021\/10\/Y7G6984-3web1-1-450x600.jpg 450w, https:\/\/www.yoga-vision.ch\/wp-content\/uploads\/2021\/10\/Y7G6984-3web1-1.jpg 768w\" sizes=\"auto, (max-width: 319px) 100vw, 319px\" \/><\/p>\n<p>Schon immer interessierte mich der Mensch als Individuum mit all den komplexen Ebenen.<\/p>\n<p>So hat mich Yoga&nbsp;1999 in seinen Bann gezogen. Seit meiner ersten Lektion war ich begeisterte Yogasch\u00fclerin und habe Buch um Buch studiert.<\/p>\n<p>Die Yogalehrer-Ausbildung habe ich in einem Sivananda Ashram absolviert. Das war eine eindr\u00fcckliche Zeit, man hat das Yogaleben gelebt und eine Energie erfahren die an Wochenenden oder Wochenkursen nicht m\u00f6glich w\u00e4re. So habe&nbsp;ich nicht einfach eine Methode gelernt, sondern durfte eine Philosophie leben im Einklang mit&nbsp;mir selbst und der Natur. Es ist mir ein Anliegen dies meinen Sch\u00fclern weiter zu vermitteln und selbst als Vorbild so gut es mir m\u00f6glich ist vorzuleben.<\/p>\n<p>2013 durfte ich Reinhard Gammenthaler kennenlernen. Sein Yoga hat mich von der ersten Lektion an fasziniert und ich sp\u00fcrte das Yoga noch kraftvoller sein kann, je nachdem welchen Stil man praktiziert. Seither besuche ich all seine Workshops die in Europa und im asiatischen Raum stattfinden. Der \u00fcberlieferte archaische Hatha Yogastil st\u00fctzt sich auf die alten Schriften und bewirkt die Erweckung der Kundalini &#8211; Kraft. Gymnastik und \u00c4sthetik stehen nicht im Vordergrund, denn Beweglichkeit und Sch\u00f6nheit entstehen durch das richtige \u00dcben.<\/p>\n<p>Ich bin seit 1996 selbst\u00e4ndige Med. Masseurin FA SRK und habe deshalb gute Kenntnisse in Anatomie, Physiologie und Pathologie, was mir im Yogaunterricht zugutekommt. Im Mai 2023 habe ich zudem die zweij\u00e4hrige Ausbildung zur Yoga-Therapeutin abgeschlossen.<\/p>\n<p style=\"text-align: left;\">Regelm\u00e4ssige Teilnahme an Workshops, Weiterbildungen und Yogawochen mit Reinhard sind f\u00fcr mich selbstverst\u00e4ndlich. Somit kann ich mich immer weiterentwickeln und kann so einen authentischen Yogaunterricht gestalten.<\/p>\n","protected":false},"excerpt":{"rendered":"<p>Was mir im Leben als lebenswert erscheint, ist in die Tiefe zu gehen. Schon immer interessierte mich der Mensch als Individuum mit all den komplexen Ebenen. So hat mich Yoga&nbsp;1999 in seinen Bann gezogen. Seit meiner ersten Lektion war ich begeisterte Yogasch\u00fclerin und habe Buch um Buch studiert. Die Yogalehrer-Ausbildung habe ich in einem Sivananda [&hellip;]<\/p>\n","protected":false},"author":2,"featured_media":0,"parent":114,"menu_order":3,"comment_status":"closed","ping_status":"closed","template":"","meta":{"ngg_post_thumbnail":0,"footnotes":""},"class_list":["post-118","page","type-page","status-publish","hentry"],"yoast_head":"<!-- This site is optimized with the Yoast SEO plugin v27.4 - https:\/\/yoast.com\/product\/yoast-seo-wordpress\/ -->\n<title>\u00dcber mich - Yoga Vision<\/title>\n<meta name=\"robots\" content=\"index, follow, max-snippet:-1, max-image-preview:large, max-video-preview:-1\" \/>\n<link rel=\"canonical\" href=\"https:\/\/www.yoga-vision.ch\/?page_id=118\" \/>\n<meta property=\"og:locale\" content=\"de_DE\" \/>\n<meta property=\"og:type\" content=\"article\" \/>\n<meta property=\"og:title\" content=\"\u00dcber mich - Yoga Vision\" \/>\n<meta property=\"og:description\" content=\"Was mir im Leben als lebenswert erscheint, ist in die Tiefe zu gehen. Schon immer interessierte mich der Mensch als Individuum mit all den komplexen Ebenen. So hat mich Yoga&nbsp;1999 in seinen Bann gezogen. Seit meiner ersten Lektion war ich begeisterte Yogasch\u00fclerin und habe Buch um Buch studiert. Die Yogalehrer-Ausbildung habe ich in einem Sivananda [&hellip;]\" \/>\n<meta property=\"og:url\" content=\"https:\/\/www.yoga-vision.ch\/?page_id=118\" \/>\n<meta property=\"og:site_name\" content=\"Yoga Vision\" \/>\n<meta property=\"article:publisher\" content=\"https:\/\/www.facebook.com\/yogavisionanitawuest\" \/>\n<meta property=\"article:modified_time\" content=\"2023-11-12T13:00:23+00:00\" \/>\n<meta property=\"og:image\" content=\"https:\/\/www.yoga-vision.ch\/wp-content\/uploads\/2021\/10\/Y7G6984-3web1-1.jpg\" \/>\n\t<meta property=\"og:image:width\" content=\"768\" \/>\n\t<meta property=\"og:image:height\" content=\"1024\" \/>\n\t<meta property=\"og:image:type\" content=\"image\/jpeg\" \/>\n<meta name=\"twitter:card\" content=\"summary_large_image\" \/>\n<meta name=\"twitter:label1\" content=\"Gesch\u00e4tzte Lesezeit\" \/>\n\t<meta name=\"twitter:data1\" content=\"1\u00a0Minute\" \/>\n<script type=\"application\/ld+json\" class=\"yoast-schema-graph\">{\"@context\":\"https:\\\/\\\/schema.org\",\"@graph\":[{\"@type\":\"WebPage\",\"@id\":\"https:\\\/\\\/www.yoga-vision.ch\\\/?page_id=118\",\"url\":\"https:\\\/\\\/www.yoga-vision.ch\\\/?page_id=118\",\"name\":\"\u00dcber mich - Yoga Vision\",\"isPartOf\":{\"@id\":\"https:\\\/\\\/www.yoga-vision.ch\\\/#website\"},\"primaryImageOfPage\":{\"@id\":\"https:\\\/\\\/www.yoga-vision.ch\\\/?page_id=118#primaryimage\"},\"image\":{\"@id\":\"https:\\\/\\\/www.yoga-vision.ch\\\/?page_id=118#primaryimage\"},\"thumbnailUrl\":\"https:\\\/\\\/www.yoga-vision.ch\\\/cms\\\/wp-content\\\/uploads\\\/2021\\\/10\\\/Y7G6984-3web1-1-450x600.jpg\",\"datePublished\":\"2021-10-14T17:55:26+00:00\",\"dateModified\":\"2023-11-12T13:00:23+00:00\",\"breadcrumb\":{\"@id\":\"https:\\\/\\\/www.yoga-vision.ch\\\/?page_id=118#breadcrumb\"},\"inLanguage\":\"de\",\"potentialAction\":[{\"@type\":\"ReadAction\",\"target\":[\"https:\\\/\\\/www.yoga-vision.ch\\\/?page_id=118\"]}]},{\"@type\":\"ImageObject\",\"inLanguage\":\"de\",\"@id\":\"https:\\\/\\\/www.yoga-vision.ch\\\/?page_id=118#primaryimage\",\"url\":\"https:\\\/\\\/www.yoga-vision.ch\\\/wp-content\\\/uploads\\\/2021\\\/10\\\/Y7G6984-3web1-1.jpg\",\"contentUrl\":\"https:\\\/\\\/www.yoga-vision.ch\\\/wp-content\\\/uploads\\\/2021\\\/10\\\/Y7G6984-3web1-1.jpg\",\"width\":768,\"height\":1024},{\"@type\":\"BreadcrumbList\",\"@id\":\"https:\\\/\\\/www.yoga-vision.ch\\\/?page_id=118#breadcrumb\",\"itemListElement\":[{\"@type\":\"ListItem\",\"position\":1,\"name\":\"Startseite\",\"item\":\"https:\\\/\\\/www.yoga-vision.ch\\\/\"},{\"@type\":\"ListItem\",\"position\":2,\"name\":\"Yoga\",\"item\":\"https:\\\/\\\/www.yoga-vision.ch\\\/?page_id=114\"},{\"@type\":\"ListItem\",\"position\":3,\"name\":\"\u00dcber mich\"}]},{\"@type\":\"WebSite\",\"@id\":\"https:\\\/\\\/www.yoga-vision.ch\\\/#website\",\"url\":\"https:\\\/\\\/www.yoga-vision.ch\\\/\",\"name\":\"Yoga Vision\",\"description\":\"\",\"publisher\":{\"@id\":\"https:\\\/\\\/www.yoga-vision.ch\\\/#organization\"},\"potentialAction\":[{\"@type\":\"SearchAction\",\"target\":{\"@type\":\"EntryPoint\",\"urlTemplate\":\"https:\\\/\\\/www.yoga-vision.ch\\\/?s={search_term_string}\"},\"query-input\":{\"@type\":\"PropertyValueSpecification\",\"valueRequired\":true,\"valueName\":\"search_term_string\"}}],\"inLanguage\":\"de\"},{\"@type\":\"Organization\",\"@id\":\"https:\\\/\\\/www.yoga-vision.ch\\\/#organization\",\"name\":\"Yoga Vision\",\"url\":\"https:\\\/\\\/www.yoga-vision.ch\\\/\",\"logo\":{\"@type\":\"ImageObject\",\"inLanguage\":\"de\",\"@id\":\"https:\\\/\\\/www.yoga-vision.ch\\\/#\\\/schema\\\/logo\\\/image\\\/\",\"url\":\"https:\\\/\\\/www.yoga-vision.ch\\\/wp-content\\\/uploads\\\/2021\\\/10\\\/logo_farbig.png\",\"contentUrl\":\"https:\\\/\\\/www.yoga-vision.ch\\\/wp-content\\\/uploads\\\/2021\\\/10\\\/logo_farbig.png\",\"width\":1276,\"height\":241,\"caption\":\"Yoga Vision\"},\"image\":{\"@id\":\"https:\\\/\\\/www.yoga-vision.ch\\\/#\\\/schema\\\/logo\\\/image\\\/\"},\"sameAs\":[\"https:\\\/\\\/www.facebook.com\\\/yogavisionanitawuest\"]}]}<\/script>\n<!-- \/ Yoast SEO plugin. -->","yoast_head_json":{"title":"\u00dcber mich - Yoga Vision","robots":{"index":"index","follow":"follow","max-snippet":"max-snippet:-1","max-image-preview":"max-image-preview:large","max-video-preview":"max-video-preview:-1"},"canonical":"https:\/\/www.yoga-vision.ch\/?page_id=118","og_locale":"de_DE","og_type":"article","og_title":"\u00dcber mich - Yoga Vision","og_description":"Was mir im Leben als lebenswert erscheint, ist in die Tiefe zu gehen. Schon immer interessierte mich der Mensch als Individuum mit all den komplexen Ebenen. So hat mich Yoga&nbsp;1999 in seinen Bann gezogen. Seit meiner ersten Lektion war ich begeisterte Yogasch\u00fclerin und habe Buch um Buch studiert. Die Yogalehrer-Ausbildung habe ich in einem Sivananda [&hellip;]","og_url":"https:\/\/www.yoga-vision.ch\/?page_id=118","og_site_name":"Yoga Vision","article_publisher":"https:\/\/www.facebook.com\/yogavisionanitawuest","article_modified_time":"2023-11-12T13:00:23+00:00","og_image":[{"width":768,"height":1024,"url":"https:\/\/www.yoga-vision.ch\/wp-content\/uploads\/2021\/10\/Y7G6984-3web1-1.jpg","type":"image\/jpeg"}],"twitter_card":"summary_large_image","twitter_misc":{"Gesch\u00e4tzte Lesezeit":"1\u00a0Minute"},"schema":{"@context":"https:\/\/schema.org","@graph":[{"@type":"WebPage","@id":"https:\/\/www.yoga-vision.ch\/?page_id=118","url":"https:\/\/www.yoga-vision.ch\/?page_id=118","name":"\u00dcber mich - Yoga Vision","isPartOf":{"@id":"https:\/\/www.yoga-vision.ch\/#website"},"primaryImageOfPage":{"@id":"https:\/\/www.yoga-vision.ch\/?page_id=118#primaryimage"},"image":{"@id":"https:\/\/www.yoga-vision.ch\/?page_id=118#primaryimage"},"thumbnailUrl":"https:\/\/www.yoga-vision.ch\/cms\/wp-content\/uploads\/2021\/10\/Y7G6984-3web1-1-450x600.jpg","datePublished":"2021-10-14T17:55:26+00:00","dateModified":"2023-11-12T13:00:23+00:00","breadcrumb":{"@id":"https:\/\/www.yoga-vision.ch\/?page_id=118#breadcrumb"},"inLanguage":"de","potentialAction":[{"@type":"ReadAction","target":["https:\/\/www.yoga-vision.ch\/?page_id=118"]}]},{"@type":"ImageObject","inLanguage":"de","@id":"https:\/\/www.yoga-vision.ch\/?page_id=118#primaryimage","url":"https:\/\/www.yoga-vision.ch\/wp-content\/uploads\/2021\/10\/Y7G6984-3web1-1.jpg","contentUrl":"https:\/\/www.yoga-vision.ch\/wp-content\/uploads\/2021\/10\/Y7G6984-3web1-1.jpg","width":768,"height":1024},{"@type":"BreadcrumbList","@id":"https:\/\/www.yoga-vision.ch\/?page_id=118#breadcrumb","itemListElement":[{"@type":"ListItem","position":1,"name":"Startseite","item":"https:\/\/www.yoga-vision.ch\/"},{"@type":"ListItem","position":2,"name":"Yoga","item":"https:\/\/www.yoga-vision.ch\/?page_id=114"},{"@type":"ListItem","position":3,"name":"\u00dcber mich"}]},{"@type":"WebSite","@id":"https:\/\/www.yoga-vision.ch\/#website","url":"https:\/\/www.yoga-vision.ch\/","name":"Yoga Vision","description":"","publisher":{"@id":"https:\/\/www.yoga-vision.ch\/#organization"},"potentialAction":[{"@type":"SearchAction","target":{"@type":"EntryPoint","urlTemplate":"https:\/\/www.yoga-vision.ch\/?s={search_term_string}"},"query-input":{"@type":"PropertyValueSpecification","valueRequired":true,"valueName":"search_term_string"}}],"inLanguage":"de"},{"@type":"Organization","@id":"https:\/\/www.yoga-vision.ch\/#organization","name":"Yoga Vision","url":"https:\/\/www.yoga-vision.ch\/","logo":{"@type":"ImageObject","inLanguage":"de","@id":"https:\/\/www.yoga-vision.ch\/#\/schema\/logo\/image\/","url":"https:\/\/www.yoga-vision.ch\/wp-content\/uploads\/2021\/10\/logo_farbig.png","contentUrl":"https:\/\/www.yoga-vision.ch\/wp-content\/uploads\/2021\/10\/logo_farbig.png","width":1276,"height":241,"caption":"Yoga Vision"},"image":{"@id":"https:\/\/www.yoga-vision.ch\/#\/schema\/logo\/image\/"},"sameAs":["https:\/\/www.facebook.com\/yogavisionanitawuest"]}]}},"_links":{"self":[{"href":"https:\/\/www.yoga-vision.ch\/index.php?rest_route=\/wp\/v2\/pages\/118","targetHints":{"allow":["GET"]}}],"collection":[{"href":"https:\/\/www.yoga-vision.ch\/index.php?rest_route=\/wp\/v2\/pages"}],"about":[{"href":"https:\/\/www.yoga-vision.ch\/index.php?rest_route=\/wp\/v2\/types\/page"}],"author":[{"embeddable":true,"href":"https:\/\/www.yoga-vision.ch\/index.php?rest_route=\/wp\/v2\/users\/2"}],"replies":[{"embeddable":true,"href":"https:\/\/www.yoga-vision.ch\/index.php?rest_route=%2Fwp%2Fv2%2Fcomments&post=118"}],"version-history":[{"count":4,"href":"https:\/\/www.yoga-vision.ch\/index.php?rest_route=\/wp\/v2\/pages\/118\/revisions"}],"predecessor-version":[{"id":425,"href":"https:\/\/www.yoga-vision.ch\/index.php?rest_route=\/wp\/v2\/pages\/118\/revisions\/425"}],"up":[{"embeddable":true,"href":"https:\/\/www.yoga-vision.ch\/index.php?rest_route=\/wp\/v2\/pages\/114"}],"wp:attachment":[{"href":"https:\/\/www.yoga-vision.ch\/index.php?rest_route=%2Fwp%2Fv2%2Fmedia&parent=118"}],"curies":[{"name":"wp","href":"https:\/\/api.w.org\/{rel}","templated":true}]}}